{"id":2635,"date":"2024-02-16T23:02:55","date_gmt":"2024-02-16T23:02:55","guid":{"rendered":"https:\/\/www.valiosconsultora.com.py\/web\/?page_id=2635"},"modified":"2024-02-16T23:02:56","modified_gmt":"2024-02-16T23:02:56","slug":"corredores-de-seguros","status":"publish","type":"page","link":"https:\/\/www.valiosconsultora.com.py\/web\/corredores-de-seguros\/","title":{"rendered":"Corredores de seguros"},"content":{"rendered":"\n<h2 class=\"gb-headline gb-headline-aed590f4 gb-headline-text\">Nos destacamos como corredores autorizados con una amplia gama de coberturas adaptadas a tus necesidades espec\u00edficas.<\/h2>\n\n\n\n<p>Estamos debidamente autorizados como corredores de seguros, colaborando con reconocidas aseguradoras, entre ellas, SANCOR SEGUROS DEL PARAGUAY S.A, y otras compa\u00f1\u00edas l\u00edderes del sector.<\/p>\n\n\n\n<p>Nuestras p\u00f3lizas de seguros ofrecen coberturas respaldadas por cada empresa aseguradora, ajustadas a productos y planes espec\u00edficos. Brindamos total libertad a nuestros clientes para que elijan al agente o corredor de seguros, as\u00ed como a la aseguradora de su preferencia. Como tu agente, nos aseguramos de que cada cobertura se cumpla, y nos dedicamos a un an\u00e1lisis detallado de los productos para ofrecerte la mejor asesor\u00eda posible.<\/p>\n\n\n\n<p>La l\u00ednea de negocios de corredores de seguros en Valios Consultora abarca una diversidad de productos dise\u00f1ados para satisfacer las necesidades de nuestros clientes<\/p>\n\n\n\n<p>Nuestra corredur\u00eda de seguros se distingue por ofrecer asesor\u00eda t\u00e9cnica y especializada, garantizando la mejor protecci\u00f3n para lo que m\u00e1s valoras.<\/p>\n\n\n\n<h2 class=\"gb-headline gb-headline-a36ef027 gb-headline-text\">Descubre nuestros planes de cobertura para:<\/h2>\n\n\n<div class=\"gb-grid-wrapper gb-grid-wrapper-ce871a8e\">\n<div class=\"gb-grid-column gb-grid-column-c291c953\"><div class=\"gb-container gb-container-c291c953\"><div class=\"gb-inside-container\">\n<div class=\"gb-grid-wrapper gb-grid-wrapper-31d998e0\">\n<div class=\"gb-grid-column gb-grid-column-40dc4fbe\"><div class=\"gb-container gb-container-40dc4fbe\"><div class=\"gb-inside-container\">\n\n<figure class=\"wp-block-image size-large\"><img loading=\"lazy\" decoding=\"async\" width=\"1024\" height=\"1024\" src=\"https:\/\/www.valiosconsultora.com.py\/web\/wp-content\/uploads\/2024\/02\/9-1024x1024.jpg\" alt=\"\" class=\"wp-image-2637\" srcset=\"https:\/\/www.valiosconsultora.com.py\/web\/wp-content\/uploads\/2024\/02\/9-1024x1024.jpg 1024w, https:\/\/www.valiosconsultora.com.py\/web\/wp-content\/uploads\/2024\/02\/9-300x300.jpg 300w, https:\/\/www.valiosconsultora.com.py\/web\/wp-content\/uploads\/2024\/02\/9-150x150.jpg 150w, https:\/\/www.valiosconsultora.com.py\/web\/wp-content\/uploads\/2024\/02\/9-768x768.jpg 768w, https:\/\/www.valiosconsultora.com.py\/web\/wp-content\/uploads\/2024\/02\/9.jpg 1080w\" sizes=\"auto, (max-width: 1024px) 100vw, 1024px\" \/><\/figure>\n\n\n\n<h2 class=\"gb-headline gb-headline-a04faac7 gb-headline-text\">Autom\u00f3viles<\/h2>\n\n<\/div><\/div><\/div>\n\n<div class=\"gb-grid-column gb-grid-column-d616041c\"><div class=\"gb-container gb-container-d616041c\"><div class=\"gb-inside-container\">\n\n<figure class=\"wp-block-image size-large\"><img loading=\"lazy\" decoding=\"async\" width=\"1024\" height=\"1024\" src=\"https:\/\/www.valiosconsultora.com.py\/web\/wp-content\/uploads\/2024\/02\/8-1024x1024.jpg\" alt=\"\" class=\"wp-image-2640\" srcset=\"https:\/\/www.valiosconsultora.com.py\/web\/wp-content\/uploads\/2024\/02\/8-1024x1024.jpg 1024w, https:\/\/www.valiosconsultora.com.py\/web\/wp-content\/uploads\/2024\/02\/8-300x300.jpg 300w, https:\/\/www.valiosconsultora.com.py\/web\/wp-content\/uploads\/2024\/02\/8-150x150.jpg 150w, https:\/\/www.valiosconsultora.com.py\/web\/wp-content\/uploads\/2024\/02\/8-768x768.jpg 768w, https:\/\/www.valiosconsultora.com.py\/web\/wp-content\/uploads\/2024\/02\/8.jpg 1080w\" sizes=\"auto, (max-width: 1024px) 100vw, 1024px\" \/><\/figure>\n\n\n\n<h2 class=\"gb-headline gb-headline-d3727140 gb-headline-text\">Hogar<\/h2>\n\n<\/div><\/div><\/div>\n\n<div class=\"gb-grid-column gb-grid-column-5bda3162\"><div class=\"gb-container gb-container-5bda3162\"><div class=\"gb-inside-container\">\n\n<figure class=\"wp-block-image size-large\"><img loading=\"lazy\" decoding=\"async\" width=\"1024\" height=\"1024\" src=\"https:\/\/www.valiosconsultora.com.py\/web\/wp-content\/uploads\/2024\/02\/11-1-1024x1024.jpg\" alt=\"\" class=\"wp-image-2641\" srcset=\"https:\/\/www.valiosconsultora.com.py\/web\/wp-content\/uploads\/2024\/02\/11-1-1024x1024.jpg 1024w, https:\/\/www.valiosconsultora.com.py\/web\/wp-content\/uploads\/2024\/02\/11-1-300x300.jpg 300w, https:\/\/www.valiosconsultora.com.py\/web\/wp-content\/uploads\/2024\/02\/11-1-150x150.jpg 150w, https:\/\/www.valiosconsultora.com.py\/web\/wp-content\/uploads\/2024\/02\/11-1-768x768.jpg 768w, https:\/\/www.valiosconsultora.com.py\/web\/wp-content\/uploads\/2024\/02\/11-1.jpg 1080w\" sizes=\"auto, (max-width: 1024px) 100vw, 1024px\" \/><\/figure>\n\n\n\n<h2 class=\"gb-headline gb-headline-8225316b gb-headline-text\">Accidentes<\/h2>\n\n<\/div><\/div><\/div>\n\n<div class=\"gb-grid-column gb-grid-column-ec764050\"><div class=\"gb-container gb-container-ec764050\"><div class=\"gb-inside-container\">\n\n<figure class=\"wp-block-image size-large\"><img loading=\"lazy\" decoding=\"async\" width=\"1024\" height=\"1024\" src=\"https:\/\/www.valiosconsultora.com.py\/web\/wp-content\/uploads\/2024\/02\/10-1024x1024.jpg\" alt=\"\" class=\"wp-image-2642\" srcset=\"https:\/\/www.valiosconsultora.com.py\/web\/wp-content\/uploads\/2024\/02\/10-1024x1024.jpg 1024w, https:\/\/www.valiosconsultora.com.py\/web\/wp-content\/uploads\/2024\/02\/10-300x300.jpg 300w, https:\/\/www.valiosconsultora.com.py\/web\/wp-content\/uploads\/2024\/02\/10-150x150.jpg 150w, https:\/\/www.valiosconsultora.com.py\/web\/wp-content\/uploads\/2024\/02\/10-768x768.jpg 768w, https:\/\/www.valiosconsultora.com.py\/web\/wp-content\/uploads\/2024\/02\/10.jpg 1080w\" sizes=\"auto, (max-width: 1024px) 100vw, 1024px\" \/><\/figure>\n\n\n\n<h2 class=\"gb-headline gb-headline-adb75a3f gb-headline-text\">Colectivos<\/h2>\n\n<\/div><\/div><\/div>\n<\/div>\n<\/div><\/div><\/div>\n<\/div>\n\n\n<p><\/p>\n\n\n\n<p>En Valios, estamos comprometidos a brindarte seguridad y tranquilidad a trav\u00e9s de soluciones de seguros que se adaptan a tu estilo de vida y tus objetivos.<\/p>\n\n\n<div class=\"gb-grid-wrapper gb-grid-wrapper-04df96d9\">\n<div class=\"gb-grid-column gb-grid-column-64c52e11\"><div class=\"gb-container gb-container-64c52e11\"><div class=\"gb-inside-container\">\n\n<h2 class=\"gb-headline gb-headline-5aa0139a gb-headline-text\">Contacte con nosotros para conocer m\u00e1s sobre nuestro servicio.<\/h2>\n\n\n\n<p>Completa el siguiente formulario para asesorarte con el servicio Corredores de seguros.<\/p>\n\n<\/div><\/div><\/div>\n\n<div class=\"gb-grid-column gb-grid-column-9d2c4b9a\"><div class=\"gb-container gb-container-9d2c4b9a\"><div class=\"gb-inside-container\">\n\n<p><\/p>\n\n\n<link rel=\"stylesheet\" property=\"stylesheet\" href=\"https:\/\/www.valiosconsultora.com.py\/web\/wp-content\/plugins\/happyforms\/core\/assets\/css\/color.css?ver=1.13.0\" \/><link rel=\"stylesheet\" property=\"stylesheet\" href=\"https:\/\/www.valiosconsultora.com.py\/web\/wp-content\/plugins\/happyforms\/core\/assets\/css\/layout.css?ver=1.13.0\" \/>\t<!-- HappyForms CSS variables -->\n\t<style>\n\t#happyforms-2563 {\n\t\t--happyforms-form-width: 0%;\n--happyforms-form-title-font-size: 32px;\n--happyforms-part-title-font-size: 16px;\n--happyforms-part-description-font-size: 12px;\n--happyforms-part-value-font-size: 16px;\n--happyforms-submit-button-font-size: 16px;\n--happyforms-color-primary: #000000;\n--happyforms-color-success-notice: #ebf9f0;\n--happyforms-color-success-notice-text: #1eb452;\n--happyforms-color-error: #f23000;\n--happyforms-color-error-notice: #ffeeea;\n--happyforms-color-error-notice-text: #f23000;\n--happyforms-color-part-title: #000000;\n--happyforms-color-part-value: #000000;\n--happyforms-color-part-placeholder: #888888;\n--happyforms-color-part-description: #454545;\n--happyforms-color-part-border: #dbdbdb;\n--happyforms-color-part-border-focus: #7aa4ff;\n--happyforms-color-part-background: #ffffff;\n--happyforms-color-part-background-focus: #ffffff;\n--happyforms-color-submit-background: #000000;\n--happyforms-color-submit-background-hover: #000000;\n--happyforms-color-submit-border: transparent;\n--happyforms-color-submit-text: #ffffff;\n--happyforms-color-submit-text-hover: #ffffff;\n--happyforms-color-rating: #cccccc;\n--happyforms-color-rating-hover: #000000;\n--happyforms-color-table-row-odd: #fcfcfc;\n--happyforms-color-table-row-even: #efefef;\n--happyforms-color-table-row-odd-text: #000000;\n--happyforms-color-table-row-even-text: #000000;\n--happyforms-color-divider-hr: #cccccc;\n--happyforms-color-choice-checkmark-bg: #ffffff;\n--happyforms-color-choice-checkmark-bg-focus: #000000;\n--happyforms-color-choice-checkmark-color: #ffffff;\n--happyforms-color-dropdown-item-bg: #ffffff;\n--happyforms-color-dropdown-item-text: #000000;\n--happyforms-color-dropdown-item-bg-hover: #f4f4f5;\n--happyforms-color-dropdown-item-text-hover: #000000;\n\t}\n\t<\/style>\n\t<!-- End of HappyForms CSS variables -->\n\t\t<!-- HappyForms Additional CSS -->\n\t<style data-happyforms-additional-css>\n\t\t<\/style>\n\t<!-- End of HappyForms Additional CSS -->\n\t\t\t<link rel=\"stylesheet\" type=\"text\/css\" href=\"https:\/\/www.valiosconsultora.com.py\/web\/wp-content\/plugins\/happyforms\/core\/assets\/css\/no-interaction.css\">\n\t\t<div class=\"happyforms-form happyforms-styles\" id=\"happyforms-2563\">\n\t\n\t<form action=\"\" id=\"happyforms-form-2563\" method=\"post\" novalidate=\"true\" autocomplete=\"off\">\n\t\t\n\t\t\t<input type=\"hidden\" name=\"action\" value=\"happyforms_message\">\n\t\t\t\t<input type=\"hidden\" name=\"happyforms_form_id\" value=\"2563\" \/>\n\t\t\t<input type=\"hidden\" id=\"happyforms_message_nonce\" name=\"happyforms_message_nonce\" value=\"f92d16ccd1\" \/><input type=\"hidden\" name=\"_wp_http_referer\" value=\"\/web\/wp-json\/wp\/v2\/pages\/2635\" \/>\t\t\t<input type=\"hidden\" name=\"happyforms_step\" value=\"0\" \/>\n\t\n\t\t<div class=\"happyforms-flex\">\n\t\t\t\t\t\t\t<input type=\"text\" name=\"2563-email\" style=\"position:absolute;left:-5000px;\" tabindex=\"-1\" autocomplete=\"off\"> <span class=\"screen-reader-text\">Leave this field blank<\/span>\n\t\t\t\t\t\t\t\t\t\t<div class=\"happyforms-form__part happyforms-part happyforms-part--single_line_text happyforms-part--width-full happyforms-part--label-show\" id=\"happyforms-2563_single_line_text_1-part\" data-happyforms-type=\"single_line_text\" data-happyforms-id=\"single_line_text_1\" data-happyforms-required=\"\">\n\t<div class=\"happyforms-part-wrap\">\n\t\t\n\t\t\t\t\t\t<div class=\"happyforms-part__label-container\">\n\t\t\t\t<label for=\"happyforms-2563_single_line_text_1\" class=\"happyforms-part__label\">\n\t\t\t<span class=\"label\">Nombre y Apellido<\/span>\n\t\t\t\t\t\t\t\t\t\t<span class=\"happyforms-required\"><\/span>\n\t\t\t\t\t\t\t\t\t\t<span class=\"happyforms-optional\">(opcional)<\/span>\n\t\t\t\t\t\t\t\t<\/label>\n\t\t\t<\/div>\n\t\t\t\n\t\t\t\t\t\t\t\n\t\t<div class=\"happyforms-part__el\">\n\t\t\t\n\t\t\t\n\t\t\t<div class=\"happyforms-input\">\n\t\t\t\t\n\t\t\t\t<input id=\"happyforms-2563_single_line_text_1\" type=\"text\" name=\"2563_single_line_text_1\" value=\"\" placeholder=\"\" autocomplete=\"off\" \/>\n\t\t\t\t\t\t\t<\/div>\n\n\t\t\t\n\t\t\t\n\t\t\t\t\t<\/div>\n\t<\/div>\n<\/div>\n<div class=\"happyforms-form__part happyforms-part happyforms-part--single_line_text happyforms-part--width-half happyforms-part--label-show\" id=\"happyforms-2563_single_line_text_2-part\" data-happyforms-type=\"single_line_text\" data-happyforms-id=\"single_line_text_2\" data-happyforms-required=\"\">\n\t<div class=\"happyforms-part-wrap\">\n\t\t\n\t\t\t\t\t\t<div class=\"happyforms-part__label-container\">\n\t\t\t\t<label for=\"happyforms-2563_single_line_text_2\" class=\"happyforms-part__label\">\n\t\t\t<span class=\"label\">Tel\u00e9fono<\/span>\n\t\t\t\t\t\t\t\t\t\t<span class=\"happyforms-required\"><\/span>\n\t\t\t\t\t\t\t\t\t\t<span class=\"happyforms-optional\">(opcional)<\/span>\n\t\t\t\t\t\t\t\t<\/label>\n\t\t\t<\/div>\n\t\t\t\n\t\t\t\t\t\t\t\n\t\t<div class=\"happyforms-part__el\">\n\t\t\t\n\t\t\t\n\t\t\t<div class=\"happyforms-input\">\n\t\t\t\t\n\t\t\t\t<input id=\"happyforms-2563_single_line_text_2\" type=\"text\" name=\"2563_single_line_text_2\" value=\"\" placeholder=\"\" autocomplete=\"off\" \/>\n\t\t\t\t\t\t\t<\/div>\n\n\t\t\t\n\t\t\t\n\t\t\t\t\t<\/div>\n\t<\/div>\n<\/div>\n<div class=\"happyforms-form__part happyforms-part happyforms-part--single_line_text happyforms-part--width-half happyforms-part--label-show\" id=\"happyforms-2563_single_line_text_3-part\" data-happyforms-type=\"single_line_text\" data-happyforms-id=\"single_line_text_3\" data-happyforms-required=\"\">\n\t<div class=\"happyforms-part-wrap\">\n\t\t\n\t\t\t\t\t\t<div class=\"happyforms-part__label-container\">\n\t\t\t\t<label for=\"happyforms-2563_single_line_text_3\" class=\"happyforms-part__label\">\n\t\t\t<span class=\"label\">Correo<\/span>\n\t\t\t\t\t\t\t\t\t\t<span class=\"happyforms-required\"><\/span>\n\t\t\t\t\t\t\t\t\t\t<span class=\"happyforms-optional\">(opcional)<\/span>\n\t\t\t\t\t\t\t\t<\/label>\n\t\t\t<\/div>\n\t\t\t\n\t\t\t\t\t\t\t\n\t\t<div class=\"happyforms-part__el\">\n\t\t\t\n\t\t\t\n\t\t\t<div class=\"happyforms-input\">\n\t\t\t\t\n\t\t\t\t<input id=\"happyforms-2563_single_line_text_3\" type=\"text\" name=\"2563_single_line_text_3\" value=\"\" placeholder=\"\" autocomplete=\"off\" \/>\n\t\t\t\t\t\t\t<\/div>\n\n\t\t\t\n\t\t\t\n\t\t\t\t\t<\/div>\n\t<\/div>\n<\/div>\n<div class=\"happyforms-form__part happyforms-part happyforms-part--multi_line_text happyforms-part--width-full happyforms-part--label-show\" id=\"happyforms-2563_multi_line_text_4-part\" data-happyforms-type=\"multi_line_text\" data-happyforms-id=\"multi_line_text_4\" data-happyforms-required=\"\">\n\t<div class=\"happyforms-part-wrap\">\n\t\t\t\t\t\t<div class=\"happyforms-part__label-container\">\n\t\t\t\t<label for=\"happyforms-2563_multi_line_text_4\" class=\"happyforms-part__label\">\n\t\t\t<span class=\"label\">Mensaje<\/span>\n\t\t\t\t\t\t\t\t\t\t<span class=\"happyforms-required\"><\/span>\n\t\t\t\t\t\t\t\t\t\t<span class=\"happyforms-optional\">(opcional)<\/span>\n\t\t\t\t\t\t\t\t<\/label>\n\t\t\t<\/div>\n\t\t\t\n\t\t\t\t\t\t\t\n\t\t<div class=\"happyforms-part__el\">\n\t\t\t\n\t\t\t\n\t\t\t<textarea id=\"happyforms-2563_multi_line_text_4\" name=\"2563_multi_line_text_4\" rows=\"5\" placeholder=\"\" autocomplete=\"off\"><\/textarea>\n\t\t\t\n\t\t\t\n\t\t\t\n\t\t\t\t\t<\/div>\n\t<\/div>\n<\/div>\n\t\t\t\t\t\t<div class=\"happyforms-form__part happyforms-part happyforms-part--submit\">\n\t\t<input type=\"submit\" class=\"happyforms-submit happyforms-button--submit \" value=\"Enviar\">\n\t<\/div>\t\t<\/div>\n\n\t\t\t<\/form>\n\n\t\t\t<p class=\"happyforms-powered-by\"><a href=\"https:\/\/happyforms.io\/?utm_source=footer&#038;utm_medium=form&#038;utm_campaign=public_form_footer\" style=\"font-size: 12px; color: black; text-decoration: underline;\">Build your own WordPress form with Happyforms<\/a><\/p>\n\t\t<\/div>\n<\/div><\/div><\/div>\n<\/div>","protected":false},"excerpt":{"rendered":"<p>Nos destacamos como corredores autorizados con una amplia gama de coberturas adaptadas a tus necesidades espec\u00edficas. Estamos debidamente autorizados como corredores de seguros, colaborando con &#8230; <a title=\"Corredores de seguros\" class=\"read-more\" href=\"https:\/\/www.valiosconsultora.com.py\/web\/corredores-de-seguros\/\" aria-label=\"M\u00e1s en Corredores de seguros\">Read More<\/a><\/p>\n","protected":false},"author":1,"featured_media":0,"parent":0,"menu_order":0,"comment_status":"closed","ping_status":"closed","template":"","meta":{"_generate-full-width-content":"","_monsterinsights_skip_tracking":false,"_monsterinsights_sitenote_active":false,"_monsterinsights_sitenote_note":"","_monsterinsights_sitenote_category":0,"footnotes":""},"class_list":["post-2635","page","type-page","status-publish"],"aioseo_notices":[],"_links":{"self":[{"href":"https:\/\/www.valiosconsultora.com.py\/web\/wp-json\/wp\/v2\/pages\/2635","targetHints":{"allow":["GET"]}}],"collection":[{"href":"https:\/\/www.valiosconsultora.com.py\/web\/wp-json\/wp\/v2\/pages"}],"about":[{"href":"https:\/\/www.valiosconsultora.com.py\/web\/wp-json\/wp\/v2\/types\/page"}],"author":[{"embeddable":true,"href":"https:\/\/www.valiosconsultora.com.py\/web\/wp-json\/wp\/v2\/users\/1"}],"replies":[{"embeddable":true,"href":"https:\/\/www.valiosconsultora.com.py\/web\/wp-json\/wp\/v2\/comments?post=2635"}],"version-history":[{"count":1,"href":"https:\/\/www.valiosconsultora.com.py\/web\/wp-json\/wp\/v2\/pages\/2635\/revisions"}],"predecessor-version":[{"id":2643,"href":"https:\/\/www.valiosconsultora.com.py\/web\/wp-json\/wp\/v2\/pages\/2635\/revisions\/2643"}],"wp:attachment":[{"href":"https:\/\/www.valiosconsultora.com.py\/web\/wp-json\/wp\/v2\/media?parent=2635"}],"curies":[{"name":"wp","href":"https:\/\/api.w.org\/{rel}","templated":true}]}}