{"id":2636,"date":"2024-02-16T23:04:28","date_gmt":"2024-02-16T23:04:28","guid":{"rendered":"https:\/\/www.valiosconsultora.com.py\/web\/?page_id=2636"},"modified":"2024-07-31T13:47:04","modified_gmt":"2024-07-31T13:47:04","slug":"contabilidad","status":"publish","type":"page","link":"https:\/\/www.valiosconsultora.com.py\/web\/contabilidad\/","title":{"rendered":"Contabilidad"},"content":{"rendered":"\n<p><strong>Valios Ofrece una gran Variedad de Servicios Contables, entre ellos est\u00e1n:<\/strong><\/p>\n\n\n\n<ul class=\"wp-block-list\">\n<li>Inscripci\u00f3n en el RUC (Registro \u00danico del Contribuyente) personas f\u00edsicas y Jur\u00eddicas. Apertura de Sociedades tales como: Sociedad An\u00f3nima, Sociedad de Responsabilidad Limitada, Empresa por Acciones Simplificadas-IRE GRAL, IRE SIMPLE E IRE RESIMPLE<\/li>\n\n\n\n<li>Asesor\u00edas Tributarias y apoyo a la interpretaci\u00f3n e implementaci\u00f3n de normas contables. Gestiones en Municipalidades para Patentes Comerciales.<\/li>\n\n\n\n<li>Gestiones en IPS y MTESS (Registro Patronal, Ingreso y Salidas de funcionarios, comunicaci\u00f3n de entrada, salidas, vacaciones, etc.)<\/li>\n\n\n\n<li>Generar extractos a pagar, presentaci\u00f3n de libros laborales.<\/li>\n\n\n\n<li>Carga y control de comprobantes como: Factura de Compra y Venta, recibos de dinero, notas de cr\u00e9dito y d\u00e9bito, facturas electr\u00f3nicas.<\/li>\n\n\n\n<li>Preparaci\u00f3n de Presentaci\u00f3n de DDJJ de impuestos tales como: IVA Gral., IRE declaraciones Simple, IRE Re Simple, IRP-RSP, IRP-RGC, IDU. Revisi\u00f3n y elaboraci\u00f3n de declaraciones informativas (Hechauka y registros electr\u00f3nicos de acuerdo a la RG. 90\/21)<\/li>\n\n\n\n<li>Preparaci\u00f3n mensual de Libros Contables<\/li>\n\n\n\n<li>Conciliaci\u00f3n de Cuentas<\/li>\n\n\n\n<li>Elaboraci\u00f3n de Balance Gral. y Estados Financieros<\/li>\n\n\n\n<li>Libros oficiales de contabilidad para todo tipo de empresas y actualizaci\u00f3n de libros.<\/li>\n\n\n\n<li>Inventario de Mercader\u00edas<\/li>\n\n\n\n<li>Conciliaciones Bancarias<\/li>\n\n\n\n<li>Registro de Marcas<\/li>\n<\/ul>\n\n\n<div class=\"gb-grid-wrapper gb-grid-wrapper-04df96d9\">\n<div class=\"gb-grid-column gb-grid-column-64c52e11\"><div class=\"gb-container gb-container-64c52e11\"><div class=\"gb-inside-container\">\n\n<h2 class=\"gb-headline gb-headline-5aa0139a gb-headline-text\">Contacte con nosotros para conocer m\u00e1s sobre nuestro servicio.<\/h2>\n\n\n\n<p>Completa el siguiente formulario para asesorarte con el servicio Contabilidad.<\/p>\n\n<\/div><\/div><\/div>\n\n<div class=\"gb-grid-column gb-grid-column-9d2c4b9a\"><div class=\"gb-container gb-container-9d2c4b9a\"><div class=\"gb-inside-container\">\n\n<p><\/p>\n\n\n<link rel=\"stylesheet\" property=\"stylesheet\" href=\"https:\/\/www.valiosconsultora.com.py\/web\/wp-content\/plugins\/happyforms\/core\/assets\/css\/color.css?ver=1.13.0\" \/><link rel=\"stylesheet\" property=\"stylesheet\" href=\"https:\/\/www.valiosconsultora.com.py\/web\/wp-content\/plugins\/happyforms\/core\/assets\/css\/layout.css?ver=1.13.0\" \/>\t<!-- HappyForms CSS variables -->\n\t<style>\n\t#happyforms-2563 {\n\t\t--happyforms-form-width: 0%;\n--happyforms-form-title-font-size: 32px;\n--happyforms-part-title-font-size: 16px;\n--happyforms-part-description-font-size: 12px;\n--happyforms-part-value-font-size: 16px;\n--happyforms-submit-button-font-size: 16px;\n--happyforms-color-primary: #000000;\n--happyforms-color-success-notice: #ebf9f0;\n--happyforms-color-success-notice-text: #1eb452;\n--happyforms-color-error: #f23000;\n--happyforms-color-error-notice: #ffeeea;\n--happyforms-color-error-notice-text: #f23000;\n--happyforms-color-part-title: #000000;\n--happyforms-color-part-value: #000000;\n--happyforms-color-part-placeholder: #888888;\n--happyforms-color-part-description: #454545;\n--happyforms-color-part-border: #dbdbdb;\n--happyforms-color-part-border-focus: #7aa4ff;\n--happyforms-color-part-background: #ffffff;\n--happyforms-color-part-background-focus: #ffffff;\n--happyforms-color-submit-background: #000000;\n--happyforms-color-submit-background-hover: #000000;\n--happyforms-color-submit-border: transparent;\n--happyforms-color-submit-text: #ffffff;\n--happyforms-color-submit-text-hover: #ffffff;\n--happyforms-color-rating: #cccccc;\n--happyforms-color-rating-hover: #000000;\n--happyforms-color-table-row-odd: #fcfcfc;\n--happyforms-color-table-row-even: #efefef;\n--happyforms-color-table-row-odd-text: #000000;\n--happyforms-color-table-row-even-text: #000000;\n--happyforms-color-divider-hr: #cccccc;\n--happyforms-color-choice-checkmark-bg: #ffffff;\n--happyforms-color-choice-checkmark-bg-focus: #000000;\n--happyforms-color-choice-checkmark-color: #ffffff;\n--happyforms-color-dropdown-item-bg: #ffffff;\n--happyforms-color-dropdown-item-text: #000000;\n--happyforms-color-dropdown-item-bg-hover: #f4f4f5;\n--happyforms-color-dropdown-item-text-hover: #000000;\n\t}\n\t<\/style>\n\t<!-- End of HappyForms CSS variables -->\n\t\t<!-- HappyForms Additional CSS -->\n\t<style data-happyforms-additional-css>\n\t\t<\/style>\n\t<!-- End of HappyForms Additional CSS -->\n\t\t\t<link rel=\"stylesheet\" type=\"text\/css\" href=\"https:\/\/www.valiosconsultora.com.py\/web\/wp-content\/plugins\/happyforms\/core\/assets\/css\/no-interaction.css\">\n\t\t<div class=\"happyforms-form happyforms-styles\" id=\"happyforms-2563\">\n\t\n\t<form action=\"\" id=\"happyforms-form-2563\" method=\"post\" novalidate=\"true\" autocomplete=\"off\">\n\t\t\n\t\t\t<input type=\"hidden\" name=\"action\" value=\"happyforms_message\">\n\t\t\t\t<input type=\"hidden\" name=\"happyforms_form_id\" value=\"2563\" \/>\n\t\t\t<input type=\"hidden\" id=\"happyforms_message_nonce\" name=\"happyforms_message_nonce\" value=\"f92d16ccd1\" \/><input type=\"hidden\" name=\"_wp_http_referer\" value=\"\/web\/wp-json\/wp\/v2\/pages\/2636\" \/>\t\t\t<input type=\"hidden\" name=\"happyforms_step\" value=\"0\" \/>\n\t\n\t\t<div class=\"happyforms-flex\">\n\t\t\t\t\t\t\t<input type=\"text\" name=\"2563-username\" style=\"position:absolute;left:-5000px;\" tabindex=\"-1\" autocomplete=\"off\"> <span class=\"screen-reader-text\">Leave this field blank<\/span>\n\t\t\t\t\t\t\t\t\t\t<div class=\"happyforms-form__part happyforms-part happyforms-part--single_line_text happyforms-part--width-full happyforms-part--label-show\" id=\"happyforms-2563_single_line_text_1-part\" data-happyforms-type=\"single_line_text\" data-happyforms-id=\"single_line_text_1\" data-happyforms-required=\"\">\n\t<div class=\"happyforms-part-wrap\">\n\t\t\n\t\t\t\t\t\t<div class=\"happyforms-part__label-container\">\n\t\t\t\t<label for=\"happyforms-2563_single_line_text_1\" class=\"happyforms-part__label\">\n\t\t\t<span class=\"label\">Nombre y Apellido<\/span>\n\t\t\t\t\t\t\t\t\t\t<span class=\"happyforms-required\"><\/span>\n\t\t\t\t\t\t\t\t\t\t<span class=\"happyforms-optional\">(opcional)<\/span>\n\t\t\t\t\t\t\t\t<\/label>\n\t\t\t<\/div>\n\t\t\t\n\t\t\t\t\t\t\t\n\t\t<div class=\"happyforms-part__el\">\n\t\t\t\n\t\t\t\n\t\t\t<div class=\"happyforms-input\">\n\t\t\t\t\n\t\t\t\t<input id=\"happyforms-2563_single_line_text_1\" type=\"text\" name=\"2563_single_line_text_1\" value=\"\" placeholder=\"\" autocomplete=\"off\" \/>\n\t\t\t\t\t\t\t<\/div>\n\n\t\t\t\n\t\t\t\n\t\t\t\t\t<\/div>\n\t<\/div>\n<\/div>\n<div class=\"happyforms-form__part happyforms-part happyforms-part--single_line_text happyforms-part--width-half happyforms-part--label-show\" id=\"happyforms-2563_single_line_text_2-part\" data-happyforms-type=\"single_line_text\" data-happyforms-id=\"single_line_text_2\" data-happyforms-required=\"\">\n\t<div class=\"happyforms-part-wrap\">\n\t\t\n\t\t\t\t\t\t<div class=\"happyforms-part__label-container\">\n\t\t\t\t<label for=\"happyforms-2563_single_line_text_2\" class=\"happyforms-part__label\">\n\t\t\t<span class=\"label\">Tel\u00e9fono<\/span>\n\t\t\t\t\t\t\t\t\t\t<span class=\"happyforms-required\"><\/span>\n\t\t\t\t\t\t\t\t\t\t<span class=\"happyforms-optional\">(opcional)<\/span>\n\t\t\t\t\t\t\t\t<\/label>\n\t\t\t<\/div>\n\t\t\t\n\t\t\t\t\t\t\t\n\t\t<div class=\"happyforms-part__el\">\n\t\t\t\n\t\t\t\n\t\t\t<div class=\"happyforms-input\">\n\t\t\t\t\n\t\t\t\t<input id=\"happyforms-2563_single_line_text_2\" type=\"text\" name=\"2563_single_line_text_2\" value=\"\" placeholder=\"\" autocomplete=\"off\" \/>\n\t\t\t\t\t\t\t<\/div>\n\n\t\t\t\n\t\t\t\n\t\t\t\t\t<\/div>\n\t<\/div>\n<\/div>\n<div class=\"happyforms-form__part happyforms-part happyforms-part--single_line_text happyforms-part--width-half happyforms-part--label-show\" id=\"happyforms-2563_single_line_text_3-part\" data-happyforms-type=\"single_line_text\" data-happyforms-id=\"single_line_text_3\" data-happyforms-required=\"\">\n\t<div class=\"happyforms-part-wrap\">\n\t\t\n\t\t\t\t\t\t<div class=\"happyforms-part__label-container\">\n\t\t\t\t<label for=\"happyforms-2563_single_line_text_3\" class=\"happyforms-part__label\">\n\t\t\t<span class=\"label\">Correo<\/span>\n\t\t\t\t\t\t\t\t\t\t<span class=\"happyforms-required\"><\/span>\n\t\t\t\t\t\t\t\t\t\t<span class=\"happyforms-optional\">(opcional)<\/span>\n\t\t\t\t\t\t\t\t<\/label>\n\t\t\t<\/div>\n\t\t\t\n\t\t\t\t\t\t\t\n\t\t<div class=\"happyforms-part__el\">\n\t\t\t\n\t\t\t\n\t\t\t<div class=\"happyforms-input\">\n\t\t\t\t\n\t\t\t\t<input id=\"happyforms-2563_single_line_text_3\" type=\"text\" name=\"2563_single_line_text_3\" value=\"\" placeholder=\"\" autocomplete=\"off\" \/>\n\t\t\t\t\t\t\t<\/div>\n\n\t\t\t\n\t\t\t\n\t\t\t\t\t<\/div>\n\t<\/div>\n<\/div>\n<div class=\"happyforms-form__part happyforms-part happyforms-part--multi_line_text happyforms-part--width-full happyforms-part--label-show\" id=\"happyforms-2563_multi_line_text_4-part\" data-happyforms-type=\"multi_line_text\" data-happyforms-id=\"multi_line_text_4\" data-happyforms-required=\"\">\n\t<div class=\"happyforms-part-wrap\">\n\t\t\t\t\t\t<div class=\"happyforms-part__label-container\">\n\t\t\t\t<label for=\"happyforms-2563_multi_line_text_4\" class=\"happyforms-part__label\">\n\t\t\t<span class=\"label\">Mensaje<\/span>\n\t\t\t\t\t\t\t\t\t\t<span class=\"happyforms-required\"><\/span>\n\t\t\t\t\t\t\t\t\t\t<span class=\"happyforms-optional\">(opcional)<\/span>\n\t\t\t\t\t\t\t\t<\/label>\n\t\t\t<\/div>\n\t\t\t\n\t\t\t\t\t\t\t\n\t\t<div class=\"happyforms-part__el\">\n\t\t\t\n\t\t\t\n\t\t\t<textarea id=\"happyforms-2563_multi_line_text_4\" name=\"2563_multi_line_text_4\" rows=\"5\" placeholder=\"\" autocomplete=\"off\"><\/textarea>\n\t\t\t\n\t\t\t\n\t\t\t\n\t\t\t\t\t<\/div>\n\t<\/div>\n<\/div>\n\t\t\t\t\t\t<div class=\"happyforms-form__part happyforms-part happyforms-part--submit\">\n\t\t<input type=\"submit\" class=\"happyforms-submit happyforms-button--submit \" value=\"Enviar\">\n\t<\/div>\t\t<\/div>\n\n\t\t\t<\/form>\n\n\t\t\t<p class=\"happyforms-powered-by\"><a href=\"https:\/\/happyforms.io\/?utm_source=footer&#038;utm_medium=form&#038;utm_campaign=public_form_footer\" style=\"font-size: 12px; color: black; text-decoration: underline;\">Build your own WordPress form with Happyforms<\/a><\/p>\n\t\t<\/div>\n<\/div><\/div><\/div>\n<\/div>","protected":false},"excerpt":{"rendered":"<p>Valios Ofrece una gran Variedad de Servicios Contables, entre ellos est\u00e1n:<\/p>\n","protected":false},"author":1,"featured_media":0,"parent":0,"menu_order":0,"comment_status":"closed","ping_status":"closed","template":"","meta":{"_generate-full-width-content":"","_monsterinsights_skip_tracking":false,"_monsterinsights_sitenote_active":false,"_monsterinsights_sitenote_note":"","_monsterinsights_sitenote_category":0,"footnotes":""},"class_list":["post-2636","page","type-page","status-publish"],"aioseo_notices":[],"_links":{"self":[{"href":"https:\/\/www.valiosconsultora.com.py\/web\/wp-json\/wp\/v2\/pages\/2636","targetHints":{"allow":["GET"]}}],"collection":[{"href":"https:\/\/www.valiosconsultora.com.py\/web\/wp-json\/wp\/v2\/pages"}],"about":[{"href":"https:\/\/www.valiosconsultora.com.py\/web\/wp-json\/wp\/v2\/types\/page"}],"author":[{"embeddable":true,"href":"https:\/\/www.valiosconsultora.com.py\/web\/wp-json\/wp\/v2\/users\/1"}],"replies":[{"embeddable":true,"href":"https:\/\/www.valiosconsultora.com.py\/web\/wp-json\/wp\/v2\/comments?post=2636"}],"version-history":[{"count":2,"href":"https:\/\/www.valiosconsultora.com.py\/web\/wp-json\/wp\/v2\/pages\/2636\/revisions"}],"predecessor-version":[{"id":2725,"href":"https:\/\/www.valiosconsultora.com.py\/web\/wp-json\/wp\/v2\/pages\/2636\/revisions\/2725"}],"wp:attachment":[{"href":"https:\/\/www.valiosconsultora.com.py\/web\/wp-json\/wp\/v2\/media?parent=2636"}],"curies":[{"name":"wp","href":"https:\/\/api.w.org\/{rel}","templated":true}]}}