{"id":496,"date":"2021-01-09T12:49:15","date_gmt":"2021-01-09T17:49:15","guid":{"rendered":"https:\/\/gpsites.co\/search\/?page_id=496"},"modified":"2024-07-31T13:43:29","modified_gmt":"2024-07-31T13:43:29","slug":"services","status":"publish","type":"page","link":"https:\/\/www.valiosconsultora.com.py\/web\/services\/","title":{"rendered":""},"content":{"rendered":"<div class=\"gb-container gb-container-643a2263\"><div class=\"gb-inside-container\">\n<div class=\"gb-grid-wrapper gb-grid-wrapper-79c410ba\">\n<div class=\"gb-grid-column gb-grid-column-c41599c6\"><div class=\"gb-container gb-container-c41599c6\"><div class=\"gb-inside-container\">\n\n<h2 class=\"gb-headline gb-headline-f7c2011f gb-headline-text\">Llevamos m\u00e1s de 10 a\u00f1os ayudando a empresas como la suya a destacar<\/h2>\n\n\n\n<p>En Valios Consultora te ofrecemos soluciones que permitan a tu empresa aumentar la productividad y focalizarse en sus respectivas fortalezas, dejando a nuestro cargo las \u00e1reas que necesitan apoyo. Nuestro principal objetivo es ofrecer a las empresas y profesionales de la Regi\u00f3n la excelencia en la prestaci\u00f3n de servicios.<\/p>\n\n\n\n<p><\/p>\n\n\n\n<p><\/p>\n\n<\/div><\/div><\/div>\n\n<div class=\"gb-grid-column gb-grid-column-b00a1ca5\"><div class=\"gb-container gb-container-b00a1ca5\"><div class=\"gb-inside-container\">\n<div class=\"wp-block-image\">\n<figure class=\"aligncenter size-full\"><img loading=\"lazy\" decoding=\"async\" width=\"2560\" height=\"1706\" src=\"https:\/\/www.valiosconsultora.com.py\/web\/wp-content\/uploads\/2024\/07\/valios-05.jpg\" alt=\"\" class=\"wp-image-2718\" srcset=\"https:\/\/www.valiosconsultora.com.py\/web\/wp-content\/uploads\/2024\/07\/valios-05.jpg 2560w, https:\/\/www.valiosconsultora.com.py\/web\/wp-content\/uploads\/2024\/07\/valios-05-300x200.jpg 300w, https:\/\/www.valiosconsultora.com.py\/web\/wp-content\/uploads\/2024\/07\/valios-05-1024x682.jpg 1024w, https:\/\/www.valiosconsultora.com.py\/web\/wp-content\/uploads\/2024\/07\/valios-05-768x512.jpg 768w, https:\/\/www.valiosconsultora.com.py\/web\/wp-content\/uploads\/2024\/07\/valios-05-1536x1024.jpg 1536w, https:\/\/www.valiosconsultora.com.py\/web\/wp-content\/uploads\/2024\/07\/valios-05-2048x1365.jpg 2048w\" sizes=\"auto, (max-width: 2560px) 100vw, 2560px\" \/><\/figure>\n<\/div>\n<\/div><\/div><\/div>\n<\/div>\n\n\n<p><\/p>\n\n\n\n<p>Buscamos soluciones basadas en las caracter\u00edsticas de cada cliente que permitan tanto a las empresas como a las personas responsables de aumentar la productividad y focalizarse en sus negocios.<\/p>\n\n<\/div><\/div>\n\n<div class=\"gb-container gb-container-da48d90b\"><div class=\"gb-inside-container\">\n\n<h2 class=\"gb-headline gb-headline-7d9659a1 gb-headline-text\">Conozca nuestros servicios<\/h2>\n\n\n<div class=\"gb-grid-wrapper gb-grid-wrapper-f5ae51cb\">\n<div class=\"gb-grid-column gb-grid-column-1efd78ac\"><div class=\"gb-container gb-container-1efd78ac\"><div class=\"gb-inside-container\">\n\n<p><\/p>\n\n\n\n<figure class=\"wp-block-image size-large\"><a href=\"https:\/\/valiosinmuebles.com.py\/\"><img loading=\"lazy\" decoding=\"async\" width=\"1024\" height=\"1024\" src=\"https:\/\/www.valiosconsultora.com.py\/web\/wp-content\/uploads\/2024\/02\/2-1-1024x1024.png\" alt=\"\" class=\"wp-image-2665\" srcset=\"https:\/\/www.valiosconsultora.com.py\/web\/wp-content\/uploads\/2024\/02\/2-1-1024x1024.png 1024w, https:\/\/www.valiosconsultora.com.py\/web\/wp-content\/uploads\/2024\/02\/2-1-300x300.png 300w, https:\/\/www.valiosconsultora.com.py\/web\/wp-content\/uploads\/2024\/02\/2-1-150x150.png 150w, https:\/\/www.valiosconsultora.com.py\/web\/wp-content\/uploads\/2024\/02\/2-1-768x768.png 768w, https:\/\/www.valiosconsultora.com.py\/web\/wp-content\/uploads\/2024\/02\/2-1.png 1080w\" sizes=\"auto, (max-width: 1024px) 100vw, 1024px\" \/><\/a><\/figure>\n\n<\/div><\/div><\/div>\n\n<div class=\"gb-grid-column gb-grid-column-12eeb57f\"><div class=\"gb-container gb-container-12eeb57f\"><div class=\"gb-inside-container\">\n\n<p class=\"has-text-align-center\"><\/p>\n\n\n\n<figure class=\"wp-block-image size-large\"><a href=\"https:\/\/www.valiosconsultora.com.py\/web\/tasacion\/\"><img loading=\"lazy\" decoding=\"async\" width=\"1024\" height=\"1024\" src=\"https:\/\/www.valiosconsultora.com.py\/web\/wp-content\/uploads\/2024\/02\/3-1-1024x1024.png\" alt=\"\" class=\"wp-image-2666\" srcset=\"https:\/\/www.valiosconsultora.com.py\/web\/wp-content\/uploads\/2024\/02\/3-1-1024x1024.png 1024w, https:\/\/www.valiosconsultora.com.py\/web\/wp-content\/uploads\/2024\/02\/3-1-300x300.png 300w, https:\/\/www.valiosconsultora.com.py\/web\/wp-content\/uploads\/2024\/02\/3-1-150x150.png 150w, https:\/\/www.valiosconsultora.com.py\/web\/wp-content\/uploads\/2024\/02\/3-1-768x768.png 768w, https:\/\/www.valiosconsultora.com.py\/web\/wp-content\/uploads\/2024\/02\/3-1.png 1080w\" sizes=\"auto, (max-width: 1024px) 100vw, 1024px\" \/><\/a><\/figure>\n\n<\/div><\/div><\/div>\n\n<div class=\"gb-grid-column gb-grid-column-9d9e140f\"><div class=\"gb-container gb-container-9d9e140f\"><div class=\"gb-inside-container\">\n\n<p class=\"has-text-align-center\"><\/p>\n\n\n\n<figure class=\"wp-block-image size-large\"><a href=\"https:\/\/www.valiosconsultora.com.py\/web\/juridico\/\"><img loading=\"lazy\" decoding=\"async\" width=\"1024\" height=\"1024\" src=\"https:\/\/www.valiosconsultora.com.py\/web\/wp-content\/uploads\/2024\/02\/4-1-1024x1024.png\" alt=\"\" class=\"wp-image-2667\" srcset=\"https:\/\/www.valiosconsultora.com.py\/web\/wp-content\/uploads\/2024\/02\/4-1-1024x1024.png 1024w, https:\/\/www.valiosconsultora.com.py\/web\/wp-content\/uploads\/2024\/02\/4-1-300x300.png 300w, https:\/\/www.valiosconsultora.com.py\/web\/wp-content\/uploads\/2024\/02\/4-1-150x150.png 150w, https:\/\/www.valiosconsultora.com.py\/web\/wp-content\/uploads\/2024\/02\/4-1-768x768.png 768w, https:\/\/www.valiosconsultora.com.py\/web\/wp-content\/uploads\/2024\/02\/4-1.png 1080w\" sizes=\"auto, (max-width: 1024px) 100vw, 1024px\" \/><\/a><\/figure>\n\n<\/div><\/div><\/div>\n\n<div class=\"gb-grid-column gb-grid-column-4c8c4744\"><div class=\"gb-container gb-container-4c8c4744\"><div class=\"gb-inside-container\">\n\n<p class=\"has-text-align-center\"><\/p>\n\n\n\n<figure class=\"wp-block-image size-large\"><a href=\"https:\/\/www.valiosconsultora.com.py\/web\/proyectos\/\"><img loading=\"lazy\" decoding=\"async\" width=\"1024\" height=\"1024\" src=\"https:\/\/www.valiosconsultora.com.py\/web\/wp-content\/uploads\/2024\/02\/5-1-1024x1024.png\" alt=\"\" class=\"wp-image-2668\" srcset=\"https:\/\/www.valiosconsultora.com.py\/web\/wp-content\/uploads\/2024\/02\/5-1-1024x1024.png 1024w, https:\/\/www.valiosconsultora.com.py\/web\/wp-content\/uploads\/2024\/02\/5-1-300x300.png 300w, https:\/\/www.valiosconsultora.com.py\/web\/wp-content\/uploads\/2024\/02\/5-1-150x150.png 150w, https:\/\/www.valiosconsultora.com.py\/web\/wp-content\/uploads\/2024\/02\/5-1-768x768.png 768w, https:\/\/www.valiosconsultora.com.py\/web\/wp-content\/uploads\/2024\/02\/5-1.png 1080w\" sizes=\"auto, (max-width: 1024px) 100vw, 1024px\" \/><\/a><\/figure>\n\n<\/div><\/div><\/div>\n\n<div class=\"gb-grid-column gb-grid-column-5b8afd32\"><div class=\"gb-container gb-container-5b8afd32\"><div class=\"gb-inside-container\">\n\n<p class=\"has-text-align-center\"><\/p>\n\n\n\n<figure class=\"wp-block-image size-large\"><a href=\"https:\/\/www.valiosconsultora.com.py\/web\/corredores-de-seguros\/\"><img loading=\"lazy\" decoding=\"async\" width=\"1024\" height=\"1024\" src=\"https:\/\/www.valiosconsultora.com.py\/web\/wp-content\/uploads\/2024\/02\/6-3-1024x1024.png\" alt=\"\" class=\"wp-image-2672\" srcset=\"https:\/\/www.valiosconsultora.com.py\/web\/wp-content\/uploads\/2024\/02\/6-3-1024x1024.png 1024w, https:\/\/www.valiosconsultora.com.py\/web\/wp-content\/uploads\/2024\/02\/6-3-300x300.png 300w, https:\/\/www.valiosconsultora.com.py\/web\/wp-content\/uploads\/2024\/02\/6-3-150x150.png 150w, https:\/\/www.valiosconsultora.com.py\/web\/wp-content\/uploads\/2024\/02\/6-3-768x768.png 768w, https:\/\/www.valiosconsultora.com.py\/web\/wp-content\/uploads\/2024\/02\/6-3.png 1080w\" sizes=\"auto, (max-width: 1024px) 100vw, 1024px\" \/><\/a><\/figure>\n\n<\/div><\/div><\/div>\n\n<div class=\"gb-grid-column gb-grid-column-e8265f11\"><div class=\"gb-container gb-container-e8265f11\"><div class=\"gb-inside-container\">\n\n<p class=\"has-text-align-center\"><\/p>\n\n\n\n<figure class=\"wp-block-image size-large\"><img loading=\"lazy\" decoding=\"async\" width=\"1024\" height=\"1024\" src=\"https:\/\/www.valiosconsultora.com.py\/web\/wp-content\/uploads\/2024\/02\/7-3-1024x1024.png\" alt=\"\" class=\"wp-image-2698\" srcset=\"https:\/\/www.valiosconsultora.com.py\/web\/wp-content\/uploads\/2024\/02\/7-3-1024x1024.png 1024w, https:\/\/www.valiosconsultora.com.py\/web\/wp-content\/uploads\/2024\/02\/7-3-300x300.png 300w, https:\/\/www.valiosconsultora.com.py\/web\/wp-content\/uploads\/2024\/02\/7-3-150x150.png 150w, https:\/\/www.valiosconsultora.com.py\/web\/wp-content\/uploads\/2024\/02\/7-3-768x768.png 768w, https:\/\/www.valiosconsultora.com.py\/web\/wp-content\/uploads\/2024\/02\/7-3.png 1080w\" sizes=\"auto, (max-width: 1024px) 100vw, 1024px\" \/><\/figure>\n\n<\/div><\/div><\/div>\n\n<div class=\"gb-grid-column gb-grid-column-04a0f328\"><div class=\"gb-container gb-container-04a0f328\"><div class=\"gb-inside-container\">\n\n<p class=\"has-text-align-center\"><\/p>\n\n\n\n<figure class=\"wp-block-image size-large\"><a href=\"https:\/\/www.valiosconsultora.com.py\/web\/ambiental\/\"><img loading=\"lazy\" decoding=\"async\" width=\"1024\" height=\"1024\" src=\"https:\/\/www.valiosconsultora.com.py\/web\/wp-content\/uploads\/2024\/02\/8-1-1024x1024.png\" alt=\"\" class=\"wp-image-2673\" srcset=\"https:\/\/www.valiosconsultora.com.py\/web\/wp-content\/uploads\/2024\/02\/8-1-1024x1024.png 1024w, https:\/\/www.valiosconsultora.com.py\/web\/wp-content\/uploads\/2024\/02\/8-1-300x300.png 300w, https:\/\/www.valiosconsultora.com.py\/web\/wp-content\/uploads\/2024\/02\/8-1-150x150.png 150w, https:\/\/www.valiosconsultora.com.py\/web\/wp-content\/uploads\/2024\/02\/8-1-768x768.png 768w, https:\/\/www.valiosconsultora.com.py\/web\/wp-content\/uploads\/2024\/02\/8-1.png 1080w\" sizes=\"auto, (max-width: 1024px) 100vw, 1024px\" \/><\/a><\/figure>\n\n<\/div><\/div><\/div>\n\n<div class=\"gb-grid-column gb-grid-column-3772b9b3\"><div class=\"gb-container gb-container-3772b9b3\"><div class=\"gb-inside-container\">\n\n<p class=\"has-text-align-center\"><\/p>\n\n\n\n<figure class=\"wp-block-image size-large\"><a href=\"https:\/\/www.valiosconsultora.com.py\/web\/auditoria\/\"><img loading=\"lazy\" decoding=\"async\" width=\"1024\" height=\"1024\" src=\"https:\/\/www.valiosconsultora.com.py\/web\/wp-content\/uploads\/2024\/02\/9-1-1024x1024.png\" alt=\"\" class=\"wp-image-2674\" srcset=\"https:\/\/www.valiosconsultora.com.py\/web\/wp-content\/uploads\/2024\/02\/9-1-1024x1024.png 1024w, https:\/\/www.valiosconsultora.com.py\/web\/wp-content\/uploads\/2024\/02\/9-1-300x300.png 300w, https:\/\/www.valiosconsultora.com.py\/web\/wp-content\/uploads\/2024\/02\/9-1-150x150.png 150w, https:\/\/www.valiosconsultora.com.py\/web\/wp-content\/uploads\/2024\/02\/9-1-768x768.png 768w, https:\/\/www.valiosconsultora.com.py\/web\/wp-content\/uploads\/2024\/02\/9-1.png 1080w\" sizes=\"auto, (max-width: 1024px) 100vw, 1024px\" \/><\/a><\/figure>\n\n<\/div><\/div><\/div>\n<\/div>\n\n<div class=\"gb-container gb-container-94a2a669\"><div class=\"gb-inside-container\"><\/div><\/div>\n<\/div><div class=\"gb-shapes\"><div class=\"gb-shape gb-shape-1\"><svg xmlns=\"http:\/\/www.w3.org\/2000\/svg\" viewBox=\"0 0 1200 100\" preserveAspectRatio=\"none\"><path d=\"M1200 100H0V0l400 77.2L1200 0z\"\/><\/svg><\/div><\/div><\/div>","protected":false},"excerpt":{"rendered":"","protected":false},"author":1,"featured_media":0,"parent":0,"menu_order":0,"comment_status":"closed","ping_status":"closed","template":"","meta":{"_generate-full-width-content":"true","_monsterinsights_skip_tracking":false,"_monsterinsights_sitenote_active":false,"_monsterinsights_sitenote_note":"","_monsterinsights_sitenote_category":0,"footnotes":""},"class_list":["post-496","page","type-page","status-publish"],"aioseo_notices":[],"_links":{"self":[{"href":"https:\/\/www.valiosconsultora.com.py\/web\/wp-json\/wp\/v2\/pages\/496","targetHints":{"allow":["GET"]}}],"collection":[{"href":"https:\/\/www.valiosconsultora.com.py\/web\/wp-json\/wp\/v2\/pages"}],"about":[{"href":"https:\/\/www.valiosconsultora.com.py\/web\/wp-json\/wp\/v2\/types\/page"}],"author":[{"embeddable":true,"href":"https:\/\/www.valiosconsultora.com.py\/web\/wp-json\/wp\/v2\/users\/1"}],"replies":[{"embeddable":true,"href":"https:\/\/www.valiosconsultora.com.py\/web\/wp-json\/wp\/v2\/comments?post=496"}],"version-history":[{"count":41,"href":"https:\/\/www.valiosconsultora.com.py\/web\/wp-json\/wp\/v2\/pages\/496\/revisions"}],"predecessor-version":[{"id":2722,"href":"https:\/\/www.valiosconsultora.com.py\/web\/wp-json\/wp\/v2\/pages\/496\/revisions\/2722"}],"wp:attachment":[{"href":"https:\/\/www.valiosconsultora.com.py\/web\/wp-json\/wp\/v2\/media?parent=496"}],"curies":[{"name":"wp","href":"https:\/\/api.w.org\/{rel}","templated":true}]}}